{"id":127,"date":"2024-02-06T00:10:46","date_gmt":"2024-02-06T03:10:46","guid":{"rendered":"https:\/\/cfmulticultural.com\/?page_id=127"},"modified":"2024-02-06T00:20:30","modified_gmt":"2024-02-06T03:20:30","slug":"home","status":"publish","type":"page","link":"https:\/\/cfmulticultural.com\/","title":{"rendered":"Home"},"content":{"rendered":"<p>[et_pb_section fb_built=&#8221;1&#8243; _builder_version=&#8221;4.16.0&#8243; _module_preset=&#8221;default&#8221; background_enable_color=&#8221;off&#8221; use_background_color_gradient=&#8221;on&#8221; background_color_gradient_stops=&#8221;#544037 0%|#f0ece3 57%|rgba(231, 226, 217, 1) 100%&#8221; background_color_gradient_overlays_image=&#8221;on&#8221; background_image=&#8221;https:\/\/cfmulticultural.com\/wp-content\/uploads\/2024\/02\/Mapa-marron-antigo.jpg&#8221; parallax=&#8221;on&#8221; background_blend=&#8221;multiply&#8221; global_colors_info=&#8221;{}&#8221;][et_pb_row _builder_version=&#8221;4.16.0&#8243; _module_preset=&#8221;default&#8221; global_colors_info=&#8221;{}&#8221;][et_pb_column type=&#8221;4_4&#8243; _builder_version=&#8221;4.16.0&#8243; _module_preset=&#8221;default&#8221; global_colors_info=&#8221;{}&#8221;][et_pb_text _builder_version=&#8221;4.16.0&#8243; _module_preset=&#8221;default&#8221; text_text_color=&#8221;#F0ECE3&#8243; header_2_text_color=&#8221;#FFFFFF&#8221; global_colors_info=&#8221;{}&#8221;]<\/p>\n<h2><strong>A Import\u00e2ncia de Desenvolver nossa Intelig\u00eancia Cultural<\/strong><\/h2>\n<p>[\/et_pb_text][et_pb_tabs _builder_version=&#8221;4.16.0&#8243; _module_preset=&#8221;default&#8221; global_colors_info=&#8221;{}&#8221;][et_pb_tab title=&#8221;Ambiente Social&#8221; _builder_version=&#8221;4.16.0&#8243; _module_preset=&#8221;default&#8221; tab_text_color=&#8221;#544037&#8243; background_color=&#8221;#F0ECE3&#8243; background_enable_color=&#8221;on&#8221; global_colors_info=&#8221;{}&#8221;]<\/p>\n<p>Quando decidimos explorar, negociar ou viver em outros pai\u0301ses, estados e cidades, em que na\u0303o fomos criados ou na\u0303o conhecemos bem, podemos nos tornar inapropriados sem perceber, e no a\u0302mbito profissional, provocar desconforto e repulsa em outras pessoas e ate\u0301 inviabilizar negociac\u0327o\u0303es, apenas por desconhecer alguns elementos fundamentais do ambiente social.<\/p>\n<p>[\/et_pb_tab][et_pb_tab title=&#8221;Causas de Dificuldades&#8221; _builder_version=&#8221;4.16.0&#8243; _module_preset=&#8221;default&#8221; body_text_color=&#8221;#000000&#8243; tab_text_color=&#8221;#544037&#8243; background_color=&#8221;#F0ECE3&#8243; background_enable_color=&#8221;on&#8221; global_colors_info=&#8221;{}&#8221;]<\/p>\n<p>Pode estar nos faltando a capacidade de relacionar e trabalhar eficazmente entre culturas, noutras palavras, carecemos de \u201cIntelige\u0302ncia Cultural (CQ)\u201d, que, de acordo com o Cultural Intelligence Center, e\u0301 a capacidade de se relacionar e trabalhar efetivamente em situac\u0327o\u0303es culturalmente diversas. Intelige\u0302ncia cultural, e\u0301 definida como a capacidade de um indivi\u0301duo de se comportar e gerenciar de maneira eficaz em contextos culturalmente diversos.<\/p>\n<p>[\/et_pb_tab][et_pb_tab title=&#8221;Conceito de Intelig\u00eancia Cultural&#8221; _builder_version=&#8221;4.16.0&#8243; _module_preset=&#8221;default&#8221; body_text_color=&#8221;#544037&#8243; tab_text_color=&#8221;#544037&#8243; background_color=&#8221;#F0ECE3&#8243; background_enable_color=&#8221;on&#8221; global_colors_info=&#8221;{}&#8221;]<\/p>\n<p>O Conceito de intelige\u0302ncia cultural como um construto multidimensional e\u0301 baseada nas seguintes dimenso\u0303es ou capacidades que se encontram interrelacionadas: metacognitiva, cognitiva, motivacional e comportamental, sendo que indivi\u0301duos com elevado ni\u0301vel de intelige\u0302ncia cultural normalmente te\u0302m valores elevados nas quatro dimenso\u0303es.<\/p>\n<p>[\/et_pb_tab][et_pb_tab title=&#8221;As Quatro Dimens\u00f5es&#8221; _builder_version=&#8221;4.16.0&#8243; _module_preset=&#8221;default&#8221; tab_text_color=&#8221;#544037&#8243; global_colors_info=&#8221;{}&#8221;]<\/p>\n<p>As quatro dimenso\u0303es permitem assim que um indivi\u0301duo adquira conhecimento acerca de outra cultura, do reporto\u0301rio necessa\u0301rio em termos de comportamento para funcionar eficazmente atrave\u0301s de outras culturas, ale\u0301m da motivac\u0327a\u0303o para aprender sobre outra cultura, sendo que as quatro sa\u0303o diferentes, contribuindo todas elas eficazmente para uma interac\u0327a\u0303o cultural.O teste CQ mede estas quatro dimens\u00f5es.<\/p>\n<p>[\/et_pb_tab][\/et_pb_tabs][\/et_pb_column][\/et_pb_row][\/et_pb_section][et_pb_section fb_built=&#8221;1&#8243; _builder_version=&#8221;4.16.0&#8243; _module_preset=&#8221;default&#8221; global_colors_info=&#8221;{}&#8221;][et_pb_row column_structure=&#8221;1_3,2_3&#8243; _builder_version=&#8221;4.16.0&#8243; _module_preset=&#8221;default&#8221; global_colors_info=&#8221;{}&#8221;][et_pb_column type=&#8221;1_3&#8243; _builder_version=&#8221;4.16.0&#8243; _module_preset=&#8221;default&#8221; global_colors_info=&#8221;{}&#8221;][et_pb_image src=&#8221;https:\/\/cfmulticultural.com\/wp-content\/uploads\/2024\/02\/Cumprimento-erro-web.jpg&#8221; title_text=&#8221;Cumprimento-erro-web&#8221; align=&#8221;center&#8221; _builder_version=&#8221;4.16.0&#8243; _module_preset=&#8221;default&#8221; max_height=&#8221;316px&#8221; global_colors_info=&#8221;{}&#8221;][\/et_pb_image][\/et_pb_column][et_pb_column type=&#8221;2_3&#8243; _builder_version=&#8221;4.16.0&#8243; _module_preset=&#8221;default&#8221; global_colors_info=&#8221;{}&#8221;][et_pb_text _builder_version=&#8221;4.16.0&#8243; _module_preset=&#8221;default&#8221; global_colors_info=&#8221;{}&#8221;]<\/p>\n<h3>Problemas que podem ocorrer na comunica\u00e7\u00e3o Intercultural:<\/h3>\n<p>(a) comunica\u00e7\u00e3o, na mesma cidade, de pessoas da regi\u00e3o central e pessoas da periferia; pessoas da zona urbana e pessoas da zona rural, imigrantes, refugiados etc.<\/p>\n<p>(b) comunica\u00e7\u00e3o, no mesmo estado, de pessoas das grandes cidades com pessoas do interior, do sert\u00e3o, dos ribeirinhos, do litoral etc.<\/p>\n<p>(c) a intera\u00e7\u00e3o de pessoas de diferentes partes do Brasil ou de fora do Brasil nas empresas, organiza\u00e7\u00f5es, etc.<\/p>\n<p>(d) trabalhos nas empresas e Home office entre pessoas de diferentes culturas dentro e fora do Brasil no envio de e-mail, reuni\u00f5es remotas e presenciais, lideres de uma cultura liderando pessoas de outras culturas, etc.<\/p>\n<p>[\/et_pb_text][\/et_pb_column][\/et_pb_row][\/et_pb_section]<\/p>\n","protected":false},"excerpt":{"rendered":"<p>A Import\u00e2ncia de Desenvolver nossa Intelig\u00eancia CulturalQuando decidimos explorar, negociar ou viver em outros pai\u0301ses, estados e cidades, em que na\u0303o fomos criados ou na\u0303o conhecemos bem, podemos nos tornar inapropriados sem perceber, e no a\u0302mbito profissional, provocar desconforto e repulsa em outras pessoas e ate\u0301 inviabilizar negociac\u0327o\u0303es, apenas por desconhecer alguns elementos fundamentais do [&hellip;]<\/p>\n","protected":false},"author":1,"featured_media":0,"parent":0,"menu_order":0,"comment_status":"closed","ping_status":"closed","template":"","meta":{"_et_pb_use_builder":"on","_et_pb_old_content":"","_et_gb_content_width":"","footnotes":""},"_links":{"self":[{"href":"https:\/\/cfmulticultural.com\/index.php\/wp-json\/wp\/v2\/pages\/127"}],"collection":[{"href":"https:\/\/cfmulticultural.com\/index.php\/wp-json\/wp\/v2\/pages"}],"about":[{"href":"https:\/\/cfmulticultural.com\/index.php\/wp-json\/wp\/v2\/types\/page"}],"author":[{"embeddable":true,"href":"https:\/\/cfmulticultural.com\/index.php\/wp-json\/wp\/v2\/users\/1"}],"replies":[{"embeddable":true,"href":"https:\/\/cfmulticultural.com\/index.php\/wp-json\/wp\/v2\/comments?post=127"}],"version-history":[{"count":3,"href":"https:\/\/cfmulticultural.com\/index.php\/wp-json\/wp\/v2\/pages\/127\/revisions"}],"predecessor-version":[{"id":136,"href":"https:\/\/cfmulticultural.com\/index.php\/wp-json\/wp\/v2\/pages\/127\/revisions\/136"}],"wp:attachment":[{"href":"https:\/\/cfmulticultural.com\/index.php\/wp-json\/wp\/v2\/media?parent=127"}],"curies":[{"name":"wp","href":"https:\/\/api.w.org\/{rel}","templated":true}]}}